{"id":440,"date":"2026-04-16T07:22:22","date_gmt":"2026-04-16T05:22:22","guid":{"rendered":"https:\/\/maicacrochet.com\/index.php\/producto\/botellero\/"},"modified":"2026-04-16T07:22:33","modified_gmt":"2026-04-16T05:22:33","slug":"botellero","status":"publish","type":"product","link":"https:\/\/maicacrochet.com\/index.php\/producto\/botellero\/","title":{"rendered":"Botellero"},"content":{"rendered":"<p>El pr\u00e1ctico porta botella est\u00e1 hecho de resistente trapillo o espumoso. Muy resistente ya que est\u00e1 trabajado continuamente, sin fisuras.<\/p>\n<p>Porta tu botella de agua, licor, vamos&#8230;. lo que te apetezca!<\/p>\n","protected":false},"excerpt":{"rendered":"<p>El pr\u00e1ctico porta botella est\u00e1 hecho de resistente trapillo o espumoso. Muy resistente ya que est\u00e1 trabajado continuamente, sin fisuras. Porta tu botella de agua, licor, vamos&#8230;. lo que te apetezca!<\/p>\n","protected":false},"featured_media":437,"comment_status":"open","ping_status":"closed","template":"","meta":{"jetpack_publicize_message":"","jetpack_publicize_feature_enabled":true,"jetpack_social_post_already_shared":true,"jetpack_social_options":{"image_generator_settings":{"template":"highway","default_image_id":0,"font":"","enabled":false},"version":2}},"product_brand":[],"product_cat":[22],"product_tag":[],"class_list":{"0":"post-440","1":"product","2":"type-product","3":"status-publish","4":"has-post-thumbnail","6":"product_cat-ac","8":"first","9":"instock","10":"shipping-taxable","11":"purchasable","12":"product-type-simple"},"jetpack_publicize_connections":[],"jetpack_sharing_enabled":true,"_links":{"self":[{"href":"https:\/\/maicacrochet.com\/index.php\/wp-json\/wp\/v2\/product\/440","targetHints":{"allow":["GET"]}}],"collection":[{"href":"https:\/\/maicacrochet.com\/index.php\/wp-json\/wp\/v2\/product"}],"about":[{"href":"https:\/\/maicacrochet.com\/index.php\/wp-json\/wp\/v2\/types\/product"}],"replies":[{"embeddable":true,"href":"https:\/\/maicacrochet.com\/index.php\/wp-json\/wp\/v2\/comments?post=440"}],"wp:featuredmedia":[{"embeddable":true,"href":"https:\/\/maicacrochet.com\/index.php\/wp-json\/wp\/v2\/media\/437"}],"wp:attachment":[{"href":"https:\/\/maicacrochet.com\/index.php\/wp-json\/wp\/v2\/media?parent=440"}],"wp:term":[{"taxonomy":"product_brand","embeddable":true,"href":"https:\/\/maicacrochet.com\/index.php\/wp-json\/wp\/v2\/product_brand?post=440"},{"taxonomy":"product_cat","embeddable":true,"href":"https:\/\/maicacrochet.com\/index.php\/wp-json\/wp\/v2\/product_cat?post=440"},{"taxonomy":"product_tag","embeddable":true,"href":"https:\/\/maicacrochet.com\/index.php\/wp-json\/wp\/v2\/product_tag?post=440"}],"curies":[{"name":"wp","href":"https:\/\/api.w.org\/{rel}","templated":true}]}}