{"id":351,"date":"2026-03-28T21:10:52","date_gmt":"2026-03-28T20:10:52","guid":{"rendered":"https:\/\/maicacrochet.com\/index.php\/producto\/bolso-de-mano-5\/"},"modified":"2026-04-11T14:56:43","modified_gmt":"2026-04-11T12:56:43","slug":"bolso-de-mano-5","status":"publish","type":"product","link":"https:\/\/maicacrochet.com\/index.php\/producto\/bolso-de-mano-5\/","title":{"rendered":"Bolso de mano N\u00b0 3"},"content":{"rendered":"<p>Colecci\u00f3n primavera verano 26<\/p>\n<p>N\u00b0 03<\/p>\n<p>Precioso bolso de mano en color dorado arena, perfecto para no perderte ni una est\u00e1 temporada, hecho de hilo en punto pi\u00f1a con cierre vintage y asa de bamb\u00fa.<\/p>\n","protected":false},"excerpt":{"rendered":"<p>Colecci\u00f3n primavera verano 26 N\u00b0 03 Precioso bolso de mano en color dorado arena, perfecto para no perderte ni una est\u00e1 temporada, hecho de hilo en punto pi\u00f1a con cierre vintage y asa de bamb\u00fa.<\/p>\n","protected":false},"featured_media":350,"comment_status":"open","ping_status":"closed","template":"","meta":{"jetpack_publicize_message":"","jetpack_publicize_feature_enabled":true,"jetpack_social_post_already_shared":true,"jetpack_social_options":{"image_generator_settings":{"template":"highway","default_image_id":0,"font":"","enabled":false},"version":2}},"product_brand":[],"product_cat":[27],"product_tag":[],"class_list":{"0":"post-351","1":"product","2":"type-product","3":"status-publish","4":"has-post-thumbnail","6":"product_cat-bl","8":"first","9":"instock","10":"shipping-taxable","11":"purchasable","12":"product-type-simple"},"jetpack_publicize_connections":[],"jetpack_sharing_enabled":true,"_links":{"self":[{"href":"https:\/\/maicacrochet.com\/index.php\/wp-json\/wp\/v2\/product\/351","targetHints":{"allow":["GET"]}}],"collection":[{"href":"https:\/\/maicacrochet.com\/index.php\/wp-json\/wp\/v2\/product"}],"about":[{"href":"https:\/\/maicacrochet.com\/index.php\/wp-json\/wp\/v2\/types\/product"}],"replies":[{"embeddable":true,"href":"https:\/\/maicacrochet.com\/index.php\/wp-json\/wp\/v2\/comments?post=351"}],"wp:featuredmedia":[{"embeddable":true,"href":"https:\/\/maicacrochet.com\/index.php\/wp-json\/wp\/v2\/media\/350"}],"wp:attachment":[{"href":"https:\/\/maicacrochet.com\/index.php\/wp-json\/wp\/v2\/media?parent=351"}],"wp:term":[{"taxonomy":"product_brand","embeddable":true,"href":"https:\/\/maicacrochet.com\/index.php\/wp-json\/wp\/v2\/product_brand?post=351"},{"taxonomy":"product_cat","embeddable":true,"href":"https:\/\/maicacrochet.com\/index.php\/wp-json\/wp\/v2\/product_cat?post=351"},{"taxonomy":"product_tag","embeddable":true,"href":"https:\/\/maicacrochet.com\/index.php\/wp-json\/wp\/v2\/product_tag?post=351"}],"curies":[{"name":"wp","href":"https:\/\/api.w.org\/{rel}","templated":true}]}}