{"id":304,"date":"2025-09-26T03:54:55","date_gmt":"2025-09-26T01:54:55","guid":{"rendered":"https:\/\/maicacrochet.com\/index.php\/producto\/centro-de-mesa-organizador\/"},"modified":"2026-04-11T14:59:13","modified_gmt":"2026-04-11T12:59:13","slug":"centro-de-mesa-organizador","status":"publish","type":"product","link":"https:\/\/maicacrochet.com\/index.php\/producto\/centro-de-mesa-organizador\/","title":{"rendered":"centro de mesa &#8211; organizador"},"content":{"rendered":"<p>Cesta organizadora de ganchillo hecha a mano con trapillo en color burdeos. Su dise\u00f1o alargado y resistente la convierte en una pieza ideal para mantener ordenados peque\u00f1os objetos: cosm\u00e9ticos, mandos, llaves, accesorios de ba\u00f1o o materiales de manualidades.<\/p>\n<p>Un complemento decorativo y pr\u00e1ctico que aporta un toque artesanal y acogedor a cualquier espacio de tu hogar. \ud83c\udf3f\u2728<\/p>\n","protected":false},"excerpt":{"rendered":"<p>Cesta organizadora de ganchillo hecha a mano con trapillo en color burdeos. Su dise\u00f1o alargado y resistente la convierte en una pieza ideal para mantener ordenados peque\u00f1os objetos: cosm\u00e9ticos, mandos, llaves, accesorios de ba\u00f1o o materiales de manualidades. Un complemento decorativo y pr\u00e1ctico que aporta un toque artesanal y acogedor a cualquier espacio de tu [&hellip;]<\/p>\n","protected":false},"featured_media":303,"comment_status":"open","ping_status":"closed","template":"","meta":{"jetpack_publicize_message":"","jetpack_publicize_feature_enabled":true,"jetpack_social_post_already_shared":true,"jetpack_social_options":{"image_generator_settings":{"template":"highway","default_image_id":0,"font":"","enabled":false},"version":2}},"product_brand":[],"product_cat":[22],"product_tag":[],"class_list":{"0":"post-304","1":"product","2":"type-product","3":"status-publish","4":"has-post-thumbnail","6":"product_cat-ac","8":"first","9":"onbackorder","10":"shipping-taxable","11":"purchasable","12":"product-type-simple"},"jetpack_publicize_connections":[],"jetpack_sharing_enabled":true,"_links":{"self":[{"href":"https:\/\/maicacrochet.com\/index.php\/wp-json\/wp\/v2\/product\/304","targetHints":{"allow":["GET"]}}],"collection":[{"href":"https:\/\/maicacrochet.com\/index.php\/wp-json\/wp\/v2\/product"}],"about":[{"href":"https:\/\/maicacrochet.com\/index.php\/wp-json\/wp\/v2\/types\/product"}],"replies":[{"embeddable":true,"href":"https:\/\/maicacrochet.com\/index.php\/wp-json\/wp\/v2\/comments?post=304"}],"wp:featuredmedia":[{"embeddable":true,"href":"https:\/\/maicacrochet.com\/index.php\/wp-json\/wp\/v2\/media\/303"}],"wp:attachment":[{"href":"https:\/\/maicacrochet.com\/index.php\/wp-json\/wp\/v2\/media?parent=304"}],"wp:term":[{"taxonomy":"product_brand","embeddable":true,"href":"https:\/\/maicacrochet.com\/index.php\/wp-json\/wp\/v2\/product_brand?post=304"},{"taxonomy":"product_cat","embeddable":true,"href":"https:\/\/maicacrochet.com\/index.php\/wp-json\/wp\/v2\/product_cat?post=304"},{"taxonomy":"product_tag","embeddable":true,"href":"https:\/\/maicacrochet.com\/index.php\/wp-json\/wp\/v2\/product_tag?post=304"}],"curies":[{"name":"wp","href":"https:\/\/api.w.org\/{rel}","templated":true}]}}