{"id":300,"date":"2025-09-26T03:50:33","date_gmt":"2025-09-26T01:50:33","guid":{"rendered":"https:\/\/maicacrochet.com\/index.php\/producto\/bolso-de-mano\/"},"modified":"2026-04-11T14:56:07","modified_gmt":"2026-04-11T12:56:07","slug":"bolso-de-mano","status":"publish","type":"product","link":"https:\/\/maicacrochet.com\/index.php\/producto\/bolso-de-mano\/","title":{"rendered":"bolso de mano"},"content":{"rendered":"<p><strong>\u201cBolso artesanal de ganchillo en tonos azules, tejido a mano con hilo aterciopelado. Asa c\u00f3moda y cierre met\u00e1lico. \u00danico, ligero y perfecto para cualquier ocasi\u00f3n. \u00a1Ll\u00e9vate un complemento exclusivo!\u201d<\/strong><\/p>\n","protected":false},"excerpt":{"rendered":"<p>\u201cBolso artesanal de ganchillo en tonos azules, tejido a mano con hilo aterciopelado. Asa c\u00f3moda y cierre met\u00e1lico. \u00danico, ligero y perfecto para cualquier ocasi\u00f3n. \u00a1Ll\u00e9vate un complemento exclusivo!\u201d<\/p>\n","protected":false},"featured_media":299,"comment_status":"open","ping_status":"closed","template":"","meta":{"jetpack_publicize_message":"","jetpack_publicize_feature_enabled":true,"jetpack_social_post_already_shared":true,"jetpack_social_options":{"image_generator_settings":{"template":"highway","default_image_id":0,"font":"","enabled":false},"version":2}},"product_brand":[],"product_cat":[27],"product_tag":[],"class_list":{"0":"post-300","1":"product","2":"type-product","3":"status-publish","4":"has-post-thumbnail","6":"product_cat-bl","8":"first","9":"onbackorder","10":"shipping-taxable","11":"purchasable","12":"product-type-simple"},"jetpack_publicize_connections":[],"jetpack_sharing_enabled":true,"_links":{"self":[{"href":"https:\/\/maicacrochet.com\/index.php\/wp-json\/wp\/v2\/product\/300","targetHints":{"allow":["GET"]}}],"collection":[{"href":"https:\/\/maicacrochet.com\/index.php\/wp-json\/wp\/v2\/product"}],"about":[{"href":"https:\/\/maicacrochet.com\/index.php\/wp-json\/wp\/v2\/types\/product"}],"replies":[{"embeddable":true,"href":"https:\/\/maicacrochet.com\/index.php\/wp-json\/wp\/v2\/comments?post=300"}],"wp:featuredmedia":[{"embeddable":true,"href":"https:\/\/maicacrochet.com\/index.php\/wp-json\/wp\/v2\/media\/299"}],"wp:attachment":[{"href":"https:\/\/maicacrochet.com\/index.php\/wp-json\/wp\/v2\/media?parent=300"}],"wp:term":[{"taxonomy":"product_brand","embeddable":true,"href":"https:\/\/maicacrochet.com\/index.php\/wp-json\/wp\/v2\/product_brand?post=300"},{"taxonomy":"product_cat","embeddable":true,"href":"https:\/\/maicacrochet.com\/index.php\/wp-json\/wp\/v2\/product_cat?post=300"},{"taxonomy":"product_tag","embeddable":true,"href":"https:\/\/maicacrochet.com\/index.php\/wp-json\/wp\/v2\/product_tag?post=300"}],"curies":[{"name":"wp","href":"https:\/\/api.w.org\/{rel}","templated":true}]}}