{"id":15,"date":"2025-05-03T17:13:16","date_gmt":"2025-05-03T15:13:16","guid":{"rendered":"https:\/\/maicacrochet.com\/?page_id=15"},"modified":"2026-04-11T12:05:56","modified_gmt":"2026-04-11T10:05:56","slug":"reembolso_devoluciones","status":"publish","type":"page","link":"https:\/\/maicacrochet.com\/index.php\/reembolso_devoluciones\/","title":{"rendered":"Pol\u00edtica de devoluciones y reembolsos"},"content":{"rendered":"\n<p>Nuestra pol\u00edtica de devoluciones tiene una duraci\u00f3n de 30 d\u00edas. Si han pasado 30 d\u00edas desde tu compra, lamentablemente no podemos ofrecerte un reembolso o cambio completo.<\/p>\n\n\n\n<p>Para ser elegible para una devoluci\u00f3n, tu art\u00edculo debe estar sin usar y en las mismas condiciones en las que lo recibiste. Tambi\u00e9n debe estar en su embalaje original.<\/p>\n\n\n\n<h4 class=\"wp-block-heading\">Art\u00edculos no retornables:<\/h4>\n\n\n\n<ul class=\"wp-block-list\">\n<li>Art\u00edculos personalizados o hechos por encargo<\/li>\n<\/ul>\n\n\n\n<p>Dado que los art\u00edculos personalizados o hechos por encargo se crean seg\u00fan las especificaciones del cliente, <strong>no se aceptan devoluciones<\/strong> de estos productos, salvo en casos de defectos de fabricaci\u00f3n o si el producto recibido no coincide con lo solicitado. En estos casos, por favor cont\u00e1ctanos a trav\u00e9s del formulario dentro de los 7 d\u00edas siguientes a la recepci\u00f3n de tu pedido.<\/p>\n\n\n\n<h4 class=\"wp-block-heading\">Reembolsos<\/h4>\n\n\n\n<p>Una vez que recibamos y revisemos tu devoluci\u00f3n, te enviaremos un correo electr\u00f3nico notific\u00e1ndote que hemos recibido el art\u00edculo devuelto. Tambi\u00e9n te informaremos sobre la aprobaci\u00f3n o rechazo de tu reembolso.<\/p>\n\n\n\n<p>Si tu devoluci\u00f3n es aprobada, el reembolso ser\u00e1 procesado y se aplicar\u00e1 autom\u00e1ticamente un cr\u00e9dito en tu tarjeta de cr\u00e9dito o m\u00e9todo de pago original dentro de un plazo determinado.<\/p>\n\n\n\n<p>Los gastos de envio correran a cargo del comprador, tanto para la compra como para la devolucion y en ningun caso seran reembosados.<br><\/p>\n\n\n\n<h4 class=\"wp-block-heading\">Retrasos o reembolsos faltantes<\/h4>\n\n\n\n<p>Si no has recibido tu reembolso, primero revisa tu cuenta bancaria.<\/p>\n\n\n\n<p>Luego, contacta con tu compa\u00f1\u00eda de tarjeta de cr\u00e9dito, ya que puede tardar un tiempo en aparecer oficialmente el reembolso.<\/p>\n\n\n\n<p>Despu\u00e9s, contacta con tu banco. A menudo hay un tiempo de procesamiento antes de que el reembolso sea publicado.<\/p>\n\n\n\n<p>Si despu\u00e9s de hacer todo esto a\u00fan no has recibido tu reembolso, por favor, cont\u00e1ctanos a trav\u00e9s del formulario<\/p>\n\n\n\n<h4 class=\"wp-block-heading\">Art\u00edculos en oferta<\/h4>\n\n\n\n<p>Solo los art\u00edculos a precio regular pueden ser reembolsados. Los art\u00edculos en oferta no pueden ser reembolsados.<\/p>\n\n\n\n<h4 class=\"wp-block-heading\">Cambios<\/h4>\n\n\n\n<p>Solo reemplazamos art\u00edculos si est\u00e1n defectuosos o da\u00f1ados. Si necesitas cambiarlo por el mismo art\u00edculo, cont\u00e1ctanos a trav\u00e9s del formulario.<\/p>\n\n\n\n<h4 class=\"wp-block-heading\">Regalos<\/h4>\n\n\n\n<p>Si el art\u00edculo se marc\u00f3 como un regalo al momento de la compra y fue enviado directamente a ti, recibir\u00e1s un cr\u00e9dito por el valor de tu devoluci\u00f3n. Una vez recibido el art\u00edculo devuelto, te enviaremos un certificado de regalo.<\/p>\n\n\n\n<p>Si el art\u00edculo no fue marcado como regalo en el momento de la compra o si el comprador original recibi\u00f3 el art\u00edculo para entreg\u00e1rtelo m\u00e1s tarde, el reembolso ser\u00e1 enviado al comprador original, quien ser\u00e1 notificado de tu devoluci\u00f3n.<\/p>\n\n\n\n<h4 class=\"wp-block-heading\">Env\u00edos de devoluciones<\/h4>\n\n\n\n<p>Para devolver tu producto, debes cont\u00e1ctanos a trav\u00e9s del formulario.<\/p>\n\n\n\n<p>Ser\u00e1s responsable de los gastos de env\u00edo para la devoluci\u00f3n de tu art\u00edculo. Los costos de env\u00edo no son reembolsables. Si se aprueba tu reembolso, el costo del env\u00edo de la devoluci\u00f3n ser\u00e1 descontado de tu reembolso.<\/p>\n\n\n\n<p>Dependiendo de tu ubicaci\u00f3n, el tiempo que tarde en llegar el producto cambiado puede variar.<\/p>\n\n\n\n<p>Si est\u00e1s devolviendo art\u00edculos de mayor valor, te recomendamos usar un servicio de env\u00edo con seguimiento o contratar un seguro de env\u00edo. No garantizamos que recibiremos el art\u00edculo devuelto.<\/p>\n\n\n\n<h4 class=\"wp-block-heading\">\u00bfNecesitas ayuda?<\/h4>\n\n\n\n<p>Cont\u00e1ctanos a trav\u00e9s del formulario para cualquier consulta relacionada con reembolsos y devoluciones.<\/p>\n","protected":false},"excerpt":{"rendered":"<p>Nuestra pol\u00edtica de devoluciones tiene una duraci\u00f3n de 30 d\u00edas. Si han pasado 30 d\u00edas desde tu compra, lamentablemente no podemos ofrecerte un reembolso o cambio completo. Para ser elegible para una devoluci\u00f3n, tu art\u00edculo debe estar sin usar y en las mismas condiciones en las que lo recibiste. Tambi\u00e9n debe estar en su embalaje [&hellip;]<\/p>\n","protected":false},"author":1,"featured_media":0,"parent":0,"menu_order":0,"comment_status":"closed","ping_status":"closed","template":"","meta":{"footnotes":""},"class_list":["post-15","page","type-page","status-publish","hentry"],"jetpack_sharing_enabled":true,"_links":{"self":[{"href":"https:\/\/maicacrochet.com\/index.php\/wp-json\/wp\/v2\/pages\/15","targetHints":{"allow":["GET"]}}],"collection":[{"href":"https:\/\/maicacrochet.com\/index.php\/wp-json\/wp\/v2\/pages"}],"about":[{"href":"https:\/\/maicacrochet.com\/index.php\/wp-json\/wp\/v2\/types\/page"}],"author":[{"embeddable":true,"href":"https:\/\/maicacrochet.com\/index.php\/wp-json\/wp\/v2\/users\/1"}],"replies":[{"embeddable":true,"href":"https:\/\/maicacrochet.com\/index.php\/wp-json\/wp\/v2\/comments?post=15"}],"version-history":[{"count":2,"href":"https:\/\/maicacrochet.com\/index.php\/wp-json\/wp\/v2\/pages\/15\/revisions"}],"predecessor-version":[{"id":118,"href":"https:\/\/maicacrochet.com\/index.php\/wp-json\/wp\/v2\/pages\/15\/revisions\/118"}],"wp:attachment":[{"href":"https:\/\/maicacrochet.com\/index.php\/wp-json\/wp\/v2\/media?parent=15"}],"curies":[{"name":"wp","href":"https:\/\/api.w.org\/{rel}","templated":true}]}}